{"id":230,"date":"2024-04-21T17:35:57","date_gmt":"2024-04-21T17:35:57","guid":{"rendered":"https:\/\/jobs.esti.ch\/?page_id=230"},"modified":"2024-10-03T13:17:07","modified_gmt":"2024-10-03T13:17:07","slug":"cosa-facciamo","status":"publish","type":"page","link":"https:\/\/jobs.esti.ch\/it\/was-wir-machen\/","title":{"rendered":"Cosa facciamo"},"content":{"rendered":"<div data-elementor-type=\"wp-page\" data-elementor-id=\"230\" class=\"elementor elementor-230\" data-elementor-post-type=\"page\">\n\t\t\t\t<div class=\"elementor-element elementor-element-77e6b18 e-con-full e-flex e-con e-parent\" data-id=\"77e6b18\" data-element_type=\"container\" data-e-type=\"container\" data-settings=\"{&quot;background_background&quot;:&quot;classic&quot;}\">\n\t\t<div class=\"elementor-element elementor-element-d55f826 e-con-full e-flex e-con e-child\" data-id=\"d55f826\" data-element_type=\"container\" data-e-type=\"container\">\n\t\t\t\t<div class=\"elementor-element elementor-element-3196a12 elementor-widget-mobile__width-initial elementor-widget elementor-widget-heading\" data-id=\"3196a12\" data-element_type=\"widget\" data-e-type=\"widget\" data-widget_type=\"heading.default\">\n\t\t\t\t<div class=\"elementor-widget-container\">\n\t\t\t\t\t<h4 class=\"elementor-heading-title elementor-size-default\">Cosa facciamo<\/h4>\t\t\t\t<\/div>\n\t\t\t\t<\/div>\n\t\t\t\t<div class=\"elementor-element elementor-element-c3f62e4 elementor-invisible elementor-widget elementor-widget-heading\" data-id=\"c3f62e4\" data-element_type=\"widget\" data-e-type=\"widget\" data-settings=\"{&quot;_animation&quot;:&quot;fadeInLeft&quot;}\" data-widget_type=\"heading.default\">\n\t\t\t\t<div class=\"elementor-widget-container\">\n\t\t\t\t\t<h1 class=\"elementor-heading-title elementor-size-default translation-block\">Lavorare presso l'ESTI<br><strong>\nDavvero molto significativo<\/strong><\/h1>\t\t\t\t<\/div>\n\t\t\t\t<\/div>\n\t\t\t\t<\/div>\n\t\t\t\t<\/div>\n\t\t<div class=\"elementor-element elementor-element-c2da789 e-flex e-con-boxed e-con e-parent\" data-id=\"c2da789\" data-element_type=\"container\" data-e-type=\"container\">\n\t\t\t\t\t<div class=\"e-con-inner\">\n\t\t<div class=\"elementor-element elementor-element-4afd671 e-flex e-con-boxed e-con e-child\" data-id=\"4afd671\" data-element_type=\"container\" data-e-type=\"container\">\n\t\t\t\t\t<div class=\"e-con-inner\">\n\t\t<div class=\"elementor-element elementor-element-438a9cb e-flex e-con-boxed e-con e-child\" data-id=\"438a9cb\" data-element_type=\"container\" data-e-type=\"container\">\n\t\t\t\t\t<div class=\"e-con-inner\">\n\t\t\t\t<div class=\"elementor-element elementor-element-120f8f7 elementor-widget__width-inherit elementor-widget elementor-widget-heading\" data-id=\"120f8f7\" data-element_type=\"widget\" data-e-type=\"widget\" data-widget_type=\"heading.default\">\n\t\t\t\t<div class=\"elementor-widget-container\">\n\t\t\t\t\t<h1 class=\"elementor-heading-title elementor-size-default\">Monitoriamo tutto ci\u00f2 che ruota intorno all'elettricit\u00e0.<\/h1>\t\t\t\t<\/div>\n\t\t\t\t<\/div>\n\t\t\t\t<div class=\"elementor-element elementor-element-02b09d3 elementor-widget elementor-widget-text-editor\" data-id=\"02b09d3\" data-element_type=\"widget\" data-e-type=\"widget\" data-widget_type=\"text-editor.default\">\n\t\t\t\t<div class=\"elementor-widget-container\">\n\t\t\t\t\t\t\t\t\t<p>Siamo l\u2019autorit\u00e0 di sorveglianza e controllo degli impianti elettrici che non rientrano nell\u2019ambito di competenza dell\u2019Ufficio federale dei trasporti (UFT). E provvediamo affinch\u00e9 gli impianti ad alta tensione, a bassa tensione e a corrente debole siano costruiti e gestiti in modo sicuro.<\/p>\t\t\t\t\t\t\t\t<\/div>\n\t\t\t\t<\/div>\n\t\t\t\t<div class=\"elementor-element elementor-element-5ac2f95 elementor-widget elementor-widget-text-editor\" data-id=\"5ac2f95\" data-element_type=\"widget\" data-e-type=\"widget\" data-widget_type=\"text-editor.default\">\n\t\t\t\t<div class=\"elementor-widget-container\">\n\t\t\t\t\t\t\t\t\t<p>Ci assicuriamo che gli impianti ad alta tensione, a bassa tensione e a corrente debole siano sempre sicuri e rispettosi dell\u2019ambiente. Il nostro compito consiste nel garantire, con le nostre conoscenze specialistiche, che l'utilizzo dell'elettricit\u00e0 non comporti alcun pericolo per le persone, gli animali e gli impianti.\u00a0Al centro vi \u00e8 la sicurezza della popolazione.\u00a0<br \/>\u00a0<br \/>Ci impegniamo affinch\u00e9 in Svizzera gli standard tecnici per gli impianti e i prodotti elettrici siano sempre aggiornati e sorvegliamo impianti di ogni dimensione, dai piccoli ai grandi. Siamo inoltre competenti per la sorveglianza del mercato dei prodotti elettrici. Lavoriamo sotto la vigilanza del DATEC e teniamo una contabilit\u00e0 separata.<br \/><br \/>Il nostro obiettivo \u00e8 un utilizzo dell'elettricit\u00e0 che sia sicuro e rispettoso dell\u2019ambiente.<\/p>\t\t\t\t\t\t\t\t<\/div>\n\t\t\t\t<\/div>\n\t\t\t\t<div class=\"elementor-element elementor-element-c3cdac9 elementor-widget elementor-widget-text-editor\" data-id=\"c3cdac9\" data-element_type=\"widget\" data-e-type=\"widget\" data-widget_type=\"text-editor.default\">\n\t\t\t\t<div class=\"elementor-widget-container\">\n\t\t\t\t\t\t\t\t\t<h4>Molto entusiasmante.<\/h4>\t\t\t\t\t\t\t\t<\/div>\n\t\t\t\t<\/div>\n\t\t\t\t\t<\/div>\n\t\t\t\t<\/div>\n\t\t\t\t\t<\/div>\n\t\t\t\t<\/div>\n\t\t\t\t\t<\/div>\n\t\t\t\t<\/div>\n\t\t<div class=\"elementor-element elementor-element-5548d90 e-con-full e-flex e-con e-parent\" data-id=\"5548d90\" data-element_type=\"container\" data-e-type=\"container\" data-settings=\"{&quot;background_background&quot;:&quot;classic&quot;}\">\n\t\t<div class=\"elementor-element elementor-element-5b2a3cf e-con-full e-flex e-con e-child\" data-id=\"5b2a3cf\" data-element_type=\"container\" data-e-type=\"container\">\n\t\t\t\t<div class=\"elementor-element elementor-element-d22b9fc elementor-widget elementor-widget-heading\" data-id=\"d22b9fc\" data-element_type=\"widget\" data-e-type=\"widget\" data-widget_type=\"heading.default\">\n\t\t\t\t<div class=\"elementor-widget-container\">\n\t\t\t\t\t<h3 class=\"elementor-heading-title elementor-size-default\">\u00abSe si \u00e8 alla ricerca di nuove sfide e si vuole esplorare il mondo dell'elettricit\u00e0, all'ESTI si \u00e8 nel posto giusto!\u00bb<\/h3>\t\t\t\t<\/div>\n\t\t\t\t<\/div>\n\t\t\t\t<div class=\"elementor-element elementor-element-73b698e elementor-widget elementor-widget-text-editor\" data-id=\"73b698e\" data-element_type=\"widget\" data-e-type=\"widget\" data-widget_type=\"text-editor.default\">\n\t\t\t\t<div class=\"elementor-widget-container\">\n\t\t\t\t\t\t\t\t\t<p><b>Francesco<br \/><\/b>Giurista<\/p>\t\t\t\t\t\t\t\t<\/div>\n\t\t\t\t<\/div>\n\t\t\t\t<\/div>\n\t\t<div class=\"elementor-element elementor-element-800be21 e-con-full e-flex e-con e-child\" data-id=\"800be21\" data-element_type=\"container\" data-e-type=\"container\" data-settings=\"{&quot;background_background&quot;:&quot;classic&quot;}\">\n\t\t\t\t<\/div>\n\t\t\t\t<\/div>\n\t\t<div class=\"elementor-element elementor-element-624052a e-flex e-con-boxed e-con e-parent\" data-id=\"624052a\" data-element_type=\"container\" data-e-type=\"container\">\n\t\t\t\t\t<div class=\"e-con-inner\">\n\t\t<div class=\"elementor-element elementor-element-283dbdd e-flex e-con-boxed e-con e-child\" data-id=\"283dbdd\" data-element_type=\"container\" data-e-type=\"container\">\n\t\t\t\t\t<div class=\"e-con-inner\">\n\t\t<div class=\"elementor-element elementor-element-3941cee e-con-full e-flex e-con e-child\" data-id=\"3941cee\" data-element_type=\"container\" data-e-type=\"container\">\n\t\t\t\t<div class=\"elementor-element elementor-element-9a5ab4c elementor-widget elementor-widget-text-editor\" data-id=\"9a5ab4c\" data-element_type=\"widget\" data-e-type=\"widget\" data-widget_type=\"text-editor.default\">\n\t\t\t\t<div class=\"elementor-widget-container\">\n\t\t\t\t\t\t\t\t\t<h2>La nostra funzione e i nostri compiti? <strong><br>Qualcosa di davvero molto significativo.<\/strong><\/h2>\t\t\t\t\t\t\t\t<\/div>\n\t\t\t\t<\/div>\n\t\t\t\t<div class=\"elementor-element elementor-element-82ee205 elementor-widget elementor-widget-text-editor\" data-id=\"82ee205\" data-element_type=\"widget\" data-e-type=\"widget\" data-widget_type=\"text-editor.default\">\n\t\t\t\t<div class=\"elementor-widget-container\">\n\t\t\t\t\t\t\t\t\t<p><span style=\"white-space-collapse: preserve;\">Conformemente all'ordinanza sull'Ispettorato federale degli impianti a corrente forte (RS 734.24), l'ESTI \u00e8 incaricato della sorveglianza tecnica e del controllo degli impianti elettrici in tutta la Svizzera. L'ESTI \u00e8 anche gestito come sezione autonoma e indipendente di Electrosuisse. L'ESTI tiene una contabilit\u00e0 separata ed \u00e8 posto sotto la vigilanza del DATEC.<\/span><\/p>\t\t\t\t\t\t\t\t<\/div>\n\t\t\t\t<\/div>\n\t\t\t\t<\/div>\n\t\t\t\t\t<\/div>\n\t\t\t\t<\/div>\n\t\t\t\t\t<\/div>\n\t\t\t\t<\/div>\n\t\t<div class=\"elementor-element elementor-element-62f55b9 e-con-full e-flex e-con e-parent\" data-id=\"62f55b9\" data-element_type=\"container\" data-e-type=\"container\">\n\t\t<div class=\"elementor-element elementor-element-dfcc9e3 e-con-full e-flex e-con e-child\" data-id=\"dfcc9e3\" data-element_type=\"container\" data-e-type=\"container\">\n\t\t<div class=\"elementor-element elementor-element-4f9d0d5 e-con-full e-flex e-con e-child\" data-id=\"4f9d0d5\" data-element_type=\"container\" data-e-type=\"container\">\n\t\t\t\t<\/div>\n\t\t<div class=\"elementor-element elementor-element-f7f7e9b e-con-full e-flex e-con e-child\" data-id=\"f7f7e9b\" data-element_type=\"container\" data-e-type=\"container\">\n\t\t\t\t<div class=\"elementor-element elementor-element-bc79541 elementor-widget__width-inherit elementor-widget elementor-widget-heading\" data-id=\"bc79541\" data-element_type=\"widget\" data-e-type=\"widget\" data-widget_type=\"heading.default\">\n\t\t\t\t<div class=\"elementor-widget-container\">\n\t\t\t\t\t<h1 class=\"elementor-heading-title elementor-size-default\">Compiti concreti<\/h1>\t\t\t\t<\/div>\n\t\t\t\t<\/div>\n\t\t\t\t<div class=\"elementor-element elementor-element-5c5d960 elementor-widget elementor-widget-text-editor\" data-id=\"5c5d960\" data-element_type=\"widget\" data-e-type=\"widget\" data-widget_type=\"text-editor.default\">\n\t\t\t\t<div class=\"elementor-widget-container\">\n\t\t\t\t\t\t\t\t\t<ul class=\"list-1\"><li>Vigilanza sulla costruzione, l\u2019esercizio e la manutenzione degli impianti elettrici e controllo degli stessi<\/li><li>Approvazione degli impianti ad alta tensione<\/li><li>Controllo a campione del rispetto delle condizioni per l'immissione sul mercato dei prodotti a bassa tensione secondo l'OPBT<\/li><li>Rilascio di autorizzazioni generali e ristrette per le installazioni secondo NIV<\/li><li>Rilascio di autorizzazioni di controllo<\/li><li>Esecuzione degli esami necessari per ottenere le autorizzazioni d'installazione limitate secondo l'OIBT<\/li><li>Supervisione sull'esecuzione e imposizione dei controlli periodici<\/li><li>Inchiesta e rilevamento statistico degli incidenti e dei danni in relazione con gli impianti elettrici<\/li><li>Riconoscimento dell'equivalenza delle qualifiche professionali estere in elettrotecnica<\/li><li>Esecuzione delle indagini preliminari e primi accertamenti dei fatti in caso di possibili violazioni della LIE<\/li><li>Collaborazione alla legislazione sugli impianti elettrici quale servizio specialistico della Confederazione<\/li><\/ul>\t\t\t\t\t\t\t\t<\/div>\n\t\t\t\t<\/div>\n\t\t\t\t<div class=\"elementor-element elementor-element-c196534 elementor-widget elementor-widget-text-editor\" data-id=\"c196534\" data-element_type=\"widget\" data-e-type=\"widget\" data-widget_type=\"text-editor.default\">\n\t\t\t\t<div class=\"elementor-widget-container\">\n\t\t\t\t\t\t\t\t\t<p><strong class=\"font-weight-700\">Tutto sull'ESTI<\/strong> <br \/><a class=\"text-decoration-underline\" href=\"http:\/\/esti.admin.ch\" target=\"_blank\" rel=\"noopener\">esti.admin.ch<img decoding=\"async\" class=\"shareimg\" src=\"img\/share.svg\" alt=\"\" \/><\/a><\/p>\t\t\t\t\t\t\t\t<\/div>\n\t\t\t\t<\/div>\n\t\t\t\t<\/div>\n\t\t\t\t<\/div>\n\t\t\t\t<\/div>\n\t\t<div class=\"elementor-element elementor-element-3cb8e77 e-con-full e-flex e-con e-parent\" data-id=\"3cb8e77\" data-element_type=\"container\" data-e-type=\"container\" data-settings=\"{&quot;background_background&quot;:&quot;classic&quot;}\">\n\t\t<div class=\"elementor-element elementor-element-bf523b3 e-con-full e-flex e-con e-child\" data-id=\"bf523b3\" data-element_type=\"container\" data-e-type=\"container\">\n\t\t\t\t<div class=\"elementor-element elementor-element-86d7ec0 elementor-widget elementor-widget-heading\" data-id=\"86d7ec0\" data-element_type=\"widget\" data-e-type=\"widget\" data-widget_type=\"heading.default\">\n\t\t\t\t<div class=\"elementor-widget-container\">\n\t\t\t\t\t<h2 class=\"elementor-heading-title elementor-size-default\">Mettiamo in moto qualcosa insieme?<\/h2>\t\t\t\t<\/div>\n\t\t\t\t<\/div>\n\t\t\t\t<div class=\"elementor-element elementor-element-3e884a0 elementor-widget elementor-widget-text-editor\" data-id=\"3e884a0\" data-element_type=\"widget\" data-e-type=\"widget\" data-widget_type=\"text-editor.default\">\n\t\t\t\t<div class=\"elementor-widget-container\">\n\t\t\t\t\t\t\t\t\t<p>Attendiamo con piacere la tua candidatura.<\/p>\t\t\t\t\t\t\t\t<\/div>\n\t\t\t\t<\/div>\n\t\t\t\t<div class=\"elementor-element elementor-element-add00a2 elementor-widget elementor-widget-button\" data-id=\"add00a2\" data-element_type=\"widget\" data-e-type=\"widget\" data-widget_type=\"button.default\">\n\t\t\t\t<div class=\"elementor-widget-container\">\n\t\t\t\t\t\t\t\t\t<div class=\"elementor-button-wrapper\">\n\t\t\t\t\t<a class=\"elementor-button elementor-button-link elementor-size-sm\" href=\"https:\/\/jobs.esti.ch\/it\/ihre-bewerbung\/\">\n\t\t\t\t\t\t<span class=\"elementor-button-content-wrapper\">\n\t\t\t\t\t\t\t\t\t<span class=\"elementor-button-text\">Come candidarsi<\/span>\n\t\t\t\t\t<\/span>\n\t\t\t\t\t<\/a>\n\t\t\t\t<\/div>\n\t\t\t\t\t\t\t\t<\/div>\n\t\t\t\t<\/div>\n\t\t\t\t<\/div>\n\t\t<div class=\"elementor-element elementor-element-470cd1a e-con-full e-flex e-con e-child\" data-id=\"470cd1a\" data-element_type=\"container\" data-e-type=\"container\" data-settings=\"{&quot;background_background&quot;:&quot;classic&quot;}\">\n\t\t\t\t<\/div>\n\t\t\t\t<\/div>\n\t\t\t\t<\/div>","protected":false},"excerpt":{"rendered":"<p>Was wir machen Arbeiten beim ESTIGanz sch\u00f6n sinnstiftend Wir \u00fcberwachen alles rund um die Elektrizit\u00e4t.\u200b Wir sind die Aufsichts- und Kontrollbeh\u00f6rde f\u00fcr elektrische Anlagen, die nicht in den Zust\u00e4ndigkeitsbereich des Bundesamtes f\u00fcr Verkehr (BAV) fallen. Und wir sorgen daf\u00fcr, dass Hochspannungs-, Niederspannungs- und Schwachstromanlagen sicher gebaut und betrieben werden. Wir sorgen daf\u00fcr, dass Hochspannungs-, Niederspannungs- [&hellip;]<\/p>\n","protected":false},"author":1,"featured_media":1318,"parent":0,"menu_order":0,"comment_status":"closed","ping_status":"closed","template":"","meta":{"footnotes":""},"class_list":["post-230","page","type-page","status-publish","has-post-thumbnail","hentry"],"yoast_head":"<!-- This site is optimized with the Yoast SEO plugin v27.4 - https:\/\/yoast.com\/product\/yoast-seo-wordpress\/ -->\n<title>Was wir machen - Eidgen\u00f6ssisches Starkstrominspektorat - Offene Stellen<\/title>\n<meta name=\"description\" content=\"Erfahre, was das ESTI macht und wie wir die Sicherheit elektrischer Anlagen in der Schweiz gew\u00e4hrleisten. Entdecke offene Stellen beim ESTI.\" \/>\n<meta name=\"robots\" content=\"index, follow, max-snippet:-1, max-image-preview:large, max-video-preview:-1\" \/>\n<link rel=\"canonical\" href=\"https:\/\/jobs.esti.ch\/it\/cosa-facciamo\/\" \/>\n<meta property=\"og:locale\" content=\"it_IT\" \/>\n<meta property=\"og:type\" content=\"article\" \/>\n<meta property=\"og:title\" content=\"Was wir machen - Eidgen\u00f6ssisches Starkstrominspektorat - Offene Stellen\" \/>\n<meta property=\"og:description\" content=\"Erfahre, was das ESTI macht und wie wir die Sicherheit elektrischer Anlagen in der Schweiz gew\u00e4hrleisten. Entdecke offene Stellen beim ESTI.\" \/>\n<meta property=\"og:url\" content=\"https:\/\/jobs.esti.ch\/it\/cosa-facciamo\/\" \/>\n<meta property=\"og:site_name\" content=\"Eidgen\u00f6ssisches Starkstrominspektorat\" \/>\n<meta property=\"article:modified_time\" content=\"2024-10-03T13:17:07+00:00\" \/>\n<meta property=\"og:image\" content=\"https:\/\/jobs.esti.ch\/wp-content\/uploads\/2024\/08\/esti-letzigrund-starkstrominspektoriat-offene-stellen--scaled.jpg\" \/>\n\t<meta property=\"og:image:width\" content=\"2560\" \/>\n\t<meta property=\"og:image:height\" content=\"1707\" \/>\n\t<meta property=\"og:image:type\" content=\"image\/jpeg\" \/>\n<meta name=\"twitter:card\" content=\"summary_large_image\" \/>\n<meta name=\"twitter:label1\" content=\"Tempo di lettura stimato\" \/>\n\t<meta name=\"twitter:data1\" content=\"3 minuti\" \/>\n<script type=\"application\/ld+json\" class=\"yoast-schema-graph\">{\"@context\":\"https:\\\/\\\/schema.org\",\"@graph\":[{\"@type\":\"WebPage\",\"@id\":\"https:\\\/\\\/jobs.esti.ch\\\/was-wir-machen\\\/\",\"url\":\"https:\\\/\\\/jobs.esti.ch\\\/was-wir-machen\\\/\",\"name\":\"Was wir machen - Eidgen\u00f6ssisches Starkstrominspektorat - Offene Stellen\",\"isPartOf\":{\"@id\":\"https:\\\/\\\/jobs.esti.ch\\\/#website\"},\"primaryImageOfPage\":{\"@id\":\"https:\\\/\\\/jobs.esti.ch\\\/was-wir-machen\\\/#primaryimage\"},\"image\":{\"@id\":\"https:\\\/\\\/jobs.esti.ch\\\/was-wir-machen\\\/#primaryimage\"},\"thumbnailUrl\":\"https:\\\/\\\/jobs.esti.ch\\\/wp-content\\\/uploads\\\/2024\\\/08\\\/esti-letzigrund-starkstrominspektoriat-offene-stellen--scaled.jpg\",\"datePublished\":\"2024-04-21T17:35:57+00:00\",\"dateModified\":\"2024-10-03T13:17:07+00:00\",\"description\":\"Erfahre, was das ESTI macht und wie wir die Sicherheit elektrischer Anlagen in der Schweiz gew\u00e4hrleisten. Entdecke offene Stellen beim ESTI.\",\"breadcrumb\":{\"@id\":\"https:\\\/\\\/jobs.esti.ch\\\/was-wir-machen\\\/#breadcrumb\"},\"inLanguage\":\"it-IT\",\"potentialAction\":[{\"@type\":\"ReadAction\",\"target\":[\"https:\\\/\\\/jobs.esti.ch\\\/was-wir-machen\\\/\"]}]},{\"@type\":\"ImageObject\",\"inLanguage\":\"it-IT\",\"@id\":\"https:\\\/\\\/jobs.esti.ch\\\/was-wir-machen\\\/#primaryimage\",\"url\":\"https:\\\/\\\/jobs.esti.ch\\\/wp-content\\\/uploads\\\/2024\\\/08\\\/esti-letzigrund-starkstrominspektoriat-offene-stellen--scaled.jpg\",\"contentUrl\":\"https:\\\/\\\/jobs.esti.ch\\\/wp-content\\\/uploads\\\/2024\\\/08\\\/esti-letzigrund-starkstrominspektoriat-offene-stellen--scaled.jpg\",\"width\":2560,\"height\":1707},{\"@type\":\"BreadcrumbList\",\"@id\":\"https:\\\/\\\/jobs.esti.ch\\\/was-wir-machen\\\/#breadcrumb\",\"itemListElement\":[{\"@type\":\"ListItem\",\"position\":1,\"name\":\"Startseite\",\"item\":\"https:\\\/\\\/jobs.esti.ch\\\/\"},{\"@type\":\"ListItem\",\"position\":2,\"name\":\"Was wir machen\"}]},{\"@type\":\"WebSite\",\"@id\":\"https:\\\/\\\/jobs.esti.ch\\\/#website\",\"url\":\"https:\\\/\\\/jobs.esti.ch\\\/\",\"name\":\"Eidgen\u00f6ssisches Starkstrominspektorat\",\"description\":\"\",\"publisher\":{\"@id\":\"https:\\\/\\\/jobs.esti.ch\\\/#organization\"},\"alternateName\":\"ESTI\",\"potentialAction\":[{\"@type\":\"SearchAction\",\"target\":{\"@type\":\"EntryPoint\",\"urlTemplate\":\"https:\\\/\\\/jobs.esti.ch\\\/?s={search_term_string}\"},\"query-input\":{\"@type\":\"PropertyValueSpecification\",\"valueRequired\":true,\"valueName\":\"search_term_string\"}}],\"inLanguage\":\"it-IT\"},{\"@type\":\"Organization\",\"@id\":\"https:\\\/\\\/jobs.esti.ch\\\/#organization\",\"name\":\"Eidgen\u00f6ssisches Starkstrominspektorat\",\"url\":\"https:\\\/\\\/jobs.esti.ch\\\/\",\"logo\":{\"@type\":\"ImageObject\",\"inLanguage\":\"it-IT\",\"@id\":\"https:\\\/\\\/jobs.esti.ch\\\/#\\\/schema\\\/logo\\\/image\\\/\",\"url\":\"https:\\\/\\\/jobs.esti.ch\\\/wp-content\\\/uploads\\\/2024\\\/04\\\/logo.png\",\"contentUrl\":\"https:\\\/\\\/jobs.esti.ch\\\/wp-content\\\/uploads\\\/2024\\\/04\\\/logo.png\",\"width\":337,\"height\":84,\"caption\":\"Eidgen\u00f6ssisches Starkstrominspektorat\"},\"image\":{\"@id\":\"https:\\\/\\\/jobs.esti.ch\\\/#\\\/schema\\\/logo\\\/image\\\/\"}}]}<\/script>\n<!-- \/ Yoast SEO plugin. -->","yoast_head_json":{"title":"Was wir machen - Eidgen\u00f6ssisches Starkstrominspektorat - Offene Stellen","description":"Erfahre, was das ESTI macht und wie wir die Sicherheit elektrischer Anlagen in der Schweiz gew\u00e4hrleisten. Entdecke offene Stellen beim ESTI.","robots":{"index":"index","follow":"follow","max-snippet":"max-snippet:-1","max-image-preview":"max-image-preview:large","max-video-preview":"max-video-preview:-1"},"canonical":"https:\/\/jobs.esti.ch\/it\/cosa-facciamo\/","og_locale":"it_IT","og_type":"article","og_title":"Was wir machen - Eidgen\u00f6ssisches Starkstrominspektorat - Offene Stellen","og_description":"Erfahre, was das ESTI macht und wie wir die Sicherheit elektrischer Anlagen in der Schweiz gew\u00e4hrleisten. Entdecke offene Stellen beim ESTI.","og_url":"https:\/\/jobs.esti.ch\/it\/cosa-facciamo\/","og_site_name":"Eidgen\u00f6ssisches Starkstrominspektorat","article_modified_time":"2024-10-03T13:17:07+00:00","og_image":[{"width":2560,"height":1707,"url":"https:\/\/jobs.esti.ch\/wp-content\/uploads\/2024\/08\/esti-letzigrund-starkstrominspektoriat-offene-stellen--scaled.jpg","type":"image\/jpeg"}],"twitter_card":"summary_large_image","twitter_misc":{"Tempo di lettura stimato":"3 minuti"},"schema":{"@context":"https:\/\/schema.org","@graph":[{"@type":"WebPage","@id":"https:\/\/jobs.esti.ch\/was-wir-machen\/","url":"https:\/\/jobs.esti.ch\/was-wir-machen\/","name":"Was wir machen - Eidgen\u00f6ssisches Starkstrominspektorat - Offene Stellen","isPartOf":{"@id":"https:\/\/jobs.esti.ch\/#website"},"primaryImageOfPage":{"@id":"https:\/\/jobs.esti.ch\/was-wir-machen\/#primaryimage"},"image":{"@id":"https:\/\/jobs.esti.ch\/was-wir-machen\/#primaryimage"},"thumbnailUrl":"https:\/\/jobs.esti.ch\/wp-content\/uploads\/2024\/08\/esti-letzigrund-starkstrominspektoriat-offene-stellen--scaled.jpg","datePublished":"2024-04-21T17:35:57+00:00","dateModified":"2024-10-03T13:17:07+00:00","description":"Erfahre, was das ESTI macht und wie wir die Sicherheit elektrischer Anlagen in der Schweiz gew\u00e4hrleisten. Entdecke offene Stellen beim ESTI.","breadcrumb":{"@id":"https:\/\/jobs.esti.ch\/was-wir-machen\/#breadcrumb"},"inLanguage":"it-IT","potentialAction":[{"@type":"ReadAction","target":["https:\/\/jobs.esti.ch\/was-wir-machen\/"]}]},{"@type":"ImageObject","inLanguage":"it-IT","@id":"https:\/\/jobs.esti.ch\/was-wir-machen\/#primaryimage","url":"https:\/\/jobs.esti.ch\/wp-content\/uploads\/2024\/08\/esti-letzigrund-starkstrominspektoriat-offene-stellen--scaled.jpg","contentUrl":"https:\/\/jobs.esti.ch\/wp-content\/uploads\/2024\/08\/esti-letzigrund-starkstrominspektoriat-offene-stellen--scaled.jpg","width":2560,"height":1707},{"@type":"BreadcrumbList","@id":"https:\/\/jobs.esti.ch\/was-wir-machen\/#breadcrumb","itemListElement":[{"@type":"ListItem","position":1,"name":"Startseite","item":"https:\/\/jobs.esti.ch\/"},{"@type":"ListItem","position":2,"name":"Was wir machen"}]},{"@type":"WebSite","@id":"https:\/\/jobs.esti.ch\/#website","url":"https:\/\/jobs.esti.ch\/","name":"Ispettorato federale degli impianti a corrente forte","description":"","publisher":{"@id":"https:\/\/jobs.esti.ch\/#organization"},"alternateName":"ESTI","potentialAction":[{"@type":"SearchAction","target":{"@type":"EntryPoint","urlTemplate":"https:\/\/jobs.esti.ch\/?s={search_term_string}"},"query-input":{"@type":"PropertyValueSpecification","valueRequired":true,"valueName":"search_term_string"}}],"inLanguage":"it-IT"},{"@type":"Organization","@id":"https:\/\/jobs.esti.ch\/#organization","name":"Ispettorato federale degli impianti a corrente forte","url":"https:\/\/jobs.esti.ch\/","logo":{"@type":"ImageObject","inLanguage":"it-IT","@id":"https:\/\/jobs.esti.ch\/#\/schema\/logo\/image\/","url":"https:\/\/jobs.esti.ch\/wp-content\/uploads\/2024\/04\/logo.png","contentUrl":"https:\/\/jobs.esti.ch\/wp-content\/uploads\/2024\/04\/logo.png","width":337,"height":84,"caption":"Eidgen\u00f6ssisches Starkstrominspektorat"},"image":{"@id":"https:\/\/jobs.esti.ch\/#\/schema\/logo\/image\/"}}]}},"_links":{"self":[{"href":"https:\/\/jobs.esti.ch\/it\/wp-json\/wp\/v2\/pages\/230","targetHints":{"allow":["GET"]}}],"collection":[{"href":"https:\/\/jobs.esti.ch\/it\/wp-json\/wp\/v2\/pages"}],"about":[{"href":"https:\/\/jobs.esti.ch\/it\/wp-json\/wp\/v2\/types\/page"}],"author":[{"embeddable":true,"href":"https:\/\/jobs.esti.ch\/it\/wp-json\/wp\/v2\/users\/1"}],"replies":[{"embeddable":true,"href":"https:\/\/jobs.esti.ch\/it\/wp-json\/wp\/v2\/comments?post=230"}],"version-history":[{"count":5,"href":"https:\/\/jobs.esti.ch\/it\/wp-json\/wp\/v2\/pages\/230\/revisions"}],"predecessor-version":[{"id":1506,"href":"https:\/\/jobs.esti.ch\/it\/wp-json\/wp\/v2\/pages\/230\/revisions\/1506"}],"wp:featuredmedia":[{"embeddable":true,"href":"https:\/\/jobs.esti.ch\/it\/wp-json\/wp\/v2\/media\/1318"}],"wp:attachment":[{"href":"https:\/\/jobs.esti.ch\/it\/wp-json\/wp\/v2\/media?parent=230"}],"curies":[{"name":"wp","href":"https:\/\/api.w.org\/{rel}","templated":true}]}}