{"id":230,"date":"2024-04-21T17:35:57","date_gmt":"2024-04-21T17:35:57","guid":{"rendered":"https:\/\/jobs.esti.ch\/?page_id=230"},"modified":"2024-10-03T13:17:07","modified_gmt":"2024-10-03T13:17:07","slug":"ce-que-nous-faisons","status":"publish","type":"page","link":"https:\/\/jobs.esti.ch\/fr\/was-wir-machen\/","title":{"rendered":"Ce que nous faisons"},"content":{"rendered":"<div data-elementor-type=\"wp-page\" data-elementor-id=\"230\" class=\"elementor elementor-230\" data-elementor-post-type=\"page\">\n\t\t\t\t<div class=\"elementor-element elementor-element-77e6b18 e-con-full e-flex e-con e-parent\" data-id=\"77e6b18\" data-element_type=\"container\" data-e-type=\"container\" data-settings=\"{&quot;background_background&quot;:&quot;classic&quot;}\">\n\t\t<div class=\"elementor-element elementor-element-d55f826 e-con-full e-flex e-con e-child\" data-id=\"d55f826\" data-element_type=\"container\" data-e-type=\"container\">\n\t\t\t\t<div class=\"elementor-element elementor-element-3196a12 elementor-widget-mobile__width-initial elementor-widget elementor-widget-heading\" data-id=\"3196a12\" data-element_type=\"widget\" data-e-type=\"widget\" data-widget_type=\"heading.default\">\n\t\t\t\t<div class=\"elementor-widget-container\">\n\t\t\t\t\t<h4 class=\"elementor-heading-title elementor-size-default\">Ce que nous faisons<\/h4>\t\t\t\t<\/div>\n\t\t\t\t<\/div>\n\t\t\t\t<div class=\"elementor-element elementor-element-c3f62e4 elementor-invisible elementor-widget elementor-widget-heading\" data-id=\"c3f62e4\" data-element_type=\"widget\" data-e-type=\"widget\" data-settings=\"{&quot;_animation&quot;:&quot;fadeInLeft&quot;}\" data-widget_type=\"heading.default\">\n\t\t\t\t<div class=\"elementor-widget-container\">\n\t\t\t\t\t<h1 class=\"elementor-heading-title elementor-size-default translation-block\">Travailler \u00e0 l\u2019ESTI.<br><strong>\nVraiment plus de sens. <\/strong><\/h1>\t\t\t\t<\/div>\n\t\t\t\t<\/div>\n\t\t\t\t<\/div>\n\t\t\t\t<\/div>\n\t\t<div class=\"elementor-element elementor-element-c2da789 e-flex e-con-boxed e-con e-parent\" data-id=\"c2da789\" data-element_type=\"container\" data-e-type=\"container\">\n\t\t\t\t\t<div class=\"e-con-inner\">\n\t\t<div class=\"elementor-element elementor-element-4afd671 e-flex e-con-boxed e-con e-child\" data-id=\"4afd671\" data-element_type=\"container\" data-e-type=\"container\">\n\t\t\t\t\t<div class=\"e-con-inner\">\n\t\t<div class=\"elementor-element elementor-element-438a9cb e-flex e-con-boxed e-con e-child\" data-id=\"438a9cb\" data-element_type=\"container\" data-e-type=\"container\">\n\t\t\t\t\t<div class=\"e-con-inner\">\n\t\t\t\t<div class=\"elementor-element elementor-element-120f8f7 elementor-widget__width-inherit elementor-widget elementor-widget-heading\" data-id=\"120f8f7\" data-element_type=\"widget\" data-e-type=\"widget\" data-widget_type=\"heading.default\">\n\t\t\t\t<div class=\"elementor-widget-container\">\n\t\t\t\t\t<h1 class=\"elementor-heading-title elementor-size-default\">Nous supervisons tout ce qui concerne l\u2019\u00e9lectricit\u00e9 en Suisse.<\/h1>\t\t\t\t<\/div>\n\t\t\t\t<\/div>\n\t\t\t\t<div class=\"elementor-element elementor-element-02b09d3 elementor-widget elementor-widget-text-editor\" data-id=\"02b09d3\" data-element_type=\"widget\" data-e-type=\"widget\" data-widget_type=\"text-editor.default\">\n\t\t\t\t<div class=\"elementor-widget-container\">\n\t\t\t\t\t\t\t\t\t<p>Nous sommes l'autorit\u00e9 de surveillance et de contr\u00f4le des installations \u00e9lectriques qui ne rel\u00e8vent pas de la comp\u00e9tence de l\u2019Office f\u00e9d\u00e9ral des transports (OFT); nous veillons \u00e0 la s\u00e9curit\u00e9 lors de la construction et de l\u2019exploitation des installations \u00e0 haute, \u00e0 basse et \u00e0 tr\u00e8s basse tension.<\/p>\t\t\t\t\t\t\t\t<\/div>\n\t\t\t\t<\/div>\n\t\t\t\t<div class=\"elementor-element elementor-element-5ac2f95 elementor-widget elementor-widget-text-editor\" data-id=\"5ac2f95\" data-element_type=\"widget\" data-e-type=\"widget\" data-widget_type=\"text-editor.default\">\n\t\t\t\t<div class=\"elementor-widget-container\">\n\t\t\t\t\t\t\t\t\t<p>Nous nous assurons que les installations \u00e0 haute, \u00e0 basse et \u00e0 tr\u00e8s basse tension soient toujours s\u00fbres et respectueuses de l\u2019environnement. La s\u00e9curit\u00e9 de la population est au centre de nos pr\u00e9occupations;  notre mission est de veiller \u00e0 ce que l\u2019utilisation de l\u2019\u00e9lectricit\u00e9 ne pr\u00e9sente aucun danger pour les personnes, les animaux et les installations.\u00a0Cette mission n'est possible que gr\u00e2ce \u00e0 l'expertise technique de nos collaborateurs.\u00a0<br \/>\u00a0<br \/>Nous mettons tout en \u0153uvre pour que les normes techniques des installations et des mat\u00e9riels \u00e9lectriques en Suisse soient toujours les plus r\u00e9centes. Nous assumons la surveillance de la construction et de l\u2019exploitation des installations \u00e9lectriques de toutes tailles ainsi que celle du march\u00e9 des mat\u00e9riels \u00e9lectriques. Notre activit\u00e9 est soumise \u00e0 la surveillance du D\u00e9partement f\u00e9d\u00e9ral de l'environnement, des transports, de l'\u00e9nergie et de la communication (DETEC). Nous sommes cependant un organisme ind\u00e9pendant qui tient sa propre comptabilit\u00e9.<br \/><br \/>Notre objectif\u00a0est  une utilisation s\u00fbre et respectueuse de l\u2019environnement de l\u2019\u00e9lectricit\u00e9.<\/p>\t\t\t\t\t\t\t\t<\/div>\n\t\t\t\t<\/div>\n\t\t\t\t<div class=\"elementor-element elementor-element-c3cdac9 elementor-widget elementor-widget-text-editor\" data-id=\"c3cdac9\" data-element_type=\"widget\" data-e-type=\"widget\" data-widget_type=\"text-editor.default\">\n\t\t\t\t<div class=\"elementor-widget-container\">\n\t\t\t\t\t\t\t\t\t<h4>Vraiment plus passionnant.<\/h4>\t\t\t\t\t\t\t\t<\/div>\n\t\t\t\t<\/div>\n\t\t\t\t\t<\/div>\n\t\t\t\t<\/div>\n\t\t\t\t\t<\/div>\n\t\t\t\t<\/div>\n\t\t\t\t\t<\/div>\n\t\t\t\t<\/div>\n\t\t<div class=\"elementor-element elementor-element-5548d90 e-con-full e-flex e-con e-parent\" data-id=\"5548d90\" data-element_type=\"container\" data-e-type=\"container\" data-settings=\"{&quot;background_background&quot;:&quot;classic&quot;}\">\n\t\t<div class=\"elementor-element elementor-element-5b2a3cf e-con-full e-flex e-con e-child\" data-id=\"5b2a3cf\" data-element_type=\"container\" data-e-type=\"container\">\n\t\t\t\t<div class=\"elementor-element elementor-element-d22b9fc elementor-widget elementor-widget-heading\" data-id=\"d22b9fc\" data-element_type=\"widget\" data-e-type=\"widget\" data-widget_type=\"heading.default\">\n\t\t\t\t<div class=\"elementor-widget-container\">\n\t\t\t\t\t<h3 class=\"elementor-heading-title elementor-size-default\">\u00ab\u00a0Si vous voulez relever des d\u00e9fis et souhaitez d\u00e9couvrir le monde de l\u2019\u00e9lectricit\u00e9, l\u2019ESTI est faite pour vous\u00a0!\u00a0\u00bb<\/h3>\t\t\t\t<\/div>\n\t\t\t\t<\/div>\n\t\t\t\t<div class=\"elementor-element elementor-element-73b698e elementor-widget elementor-widget-text-editor\" data-id=\"73b698e\" data-element_type=\"widget\" data-e-type=\"widget\" data-widget_type=\"text-editor.default\">\n\t\t\t\t<div class=\"elementor-widget-container\">\n\t\t\t\t\t\t\t\t\t<p><b>Francesco<br \/><\/b>Juriste<\/p>\t\t\t\t\t\t\t\t<\/div>\n\t\t\t\t<\/div>\n\t\t\t\t<\/div>\n\t\t<div class=\"elementor-element elementor-element-800be21 e-con-full e-flex e-con e-child\" data-id=\"800be21\" data-element_type=\"container\" data-e-type=\"container\" data-settings=\"{&quot;background_background&quot;:&quot;classic&quot;}\">\n\t\t\t\t<\/div>\n\t\t\t\t<\/div>\n\t\t<div class=\"elementor-element elementor-element-624052a e-flex e-con-boxed e-con e-parent\" data-id=\"624052a\" data-element_type=\"container\" data-e-type=\"container\">\n\t\t\t\t\t<div class=\"e-con-inner\">\n\t\t<div class=\"elementor-element elementor-element-283dbdd e-flex e-con-boxed e-con e-child\" data-id=\"283dbdd\" data-element_type=\"container\" data-e-type=\"container\">\n\t\t\t\t\t<div class=\"e-con-inner\">\n\t\t<div class=\"elementor-element elementor-element-3941cee e-con-full e-flex e-con e-child\" data-id=\"3941cee\" data-element_type=\"container\" data-e-type=\"container\">\n\t\t\t\t<div class=\"elementor-element elementor-element-9a5ab4c elementor-widget elementor-widget-text-editor\" data-id=\"9a5ab4c\" data-element_type=\"widget\" data-e-type=\"widget\" data-widget_type=\"text-editor.default\">\n\t\t\t\t<div class=\"elementor-widget-container\">\n\t\t\t\t\t\t\t\t\t<h2>Notre fonction et nos t\u00e2ches? <strong><br>Vraiment plus de sens.<\/strong><\/h2>\t\t\t\t\t\t\t\t<\/div>\n\t\t\t\t<\/div>\n\t\t\t\t<div class=\"elementor-element elementor-element-82ee205 elementor-widget elementor-widget-text-editor\" data-id=\"82ee205\" data-element_type=\"widget\" data-e-type=\"widget\" data-widget_type=\"text-editor.default\">\n\t\t\t\t<div class=\"elementor-widget-container\">\n\t\t\t\t\t\t\t\t\t<p><span style=\"white-space-collapse: preserve;\">L\u2019ESTI est charg\u00e9e, conform\u00e9ment \u00e0 l\u2019ordonnance sur l\u2019Inspection f\u00e9d\u00e9rale des installations \u00e0 courant fort (RS 734.24), de la surveillance et du contr\u00f4le techniques des installations \u00e9lectriques dans toute la Suisse. Elle est g\u00e9r\u00e9e comme une entit\u00e9 ind\u00e9pendante et autonome d\u2019Electrosuisse; elle tient sa propre comptabilit\u00e9 et est soumise \u00e0 la surveillance du D\u00e9partement f\u00e9d\u00e9ral de l'environnement, des transports, de l'\u00e9nergie et de la communication (DETEC).<\/span><\/p>\t\t\t\t\t\t\t\t<\/div>\n\t\t\t\t<\/div>\n\t\t\t\t<\/div>\n\t\t\t\t\t<\/div>\n\t\t\t\t<\/div>\n\t\t\t\t\t<\/div>\n\t\t\t\t<\/div>\n\t\t<div class=\"elementor-element elementor-element-62f55b9 e-con-full e-flex e-con e-parent\" data-id=\"62f55b9\" data-element_type=\"container\" data-e-type=\"container\">\n\t\t<div class=\"elementor-element elementor-element-dfcc9e3 e-con-full e-flex e-con e-child\" data-id=\"dfcc9e3\" data-element_type=\"container\" data-e-type=\"container\">\n\t\t<div class=\"elementor-element elementor-element-4f9d0d5 e-con-full e-flex e-con e-child\" data-id=\"4f9d0d5\" data-element_type=\"container\" data-e-type=\"container\">\n\t\t\t\t<\/div>\n\t\t<div class=\"elementor-element elementor-element-f7f7e9b e-con-full e-flex e-con e-child\" data-id=\"f7f7e9b\" data-element_type=\"container\" data-e-type=\"container\">\n\t\t\t\t<div class=\"elementor-element elementor-element-bc79541 elementor-widget__width-inherit elementor-widget elementor-widget-heading\" data-id=\"bc79541\" data-element_type=\"widget\" data-e-type=\"widget\" data-widget_type=\"heading.default\">\n\t\t\t\t<div class=\"elementor-widget-container\">\n\t\t\t\t\t<h1 class=\"elementor-heading-title elementor-size-default\">Nos t\u00e2ches concr\u00e8tes<\/h1>\t\t\t\t<\/div>\n\t\t\t\t<\/div>\n\t\t\t\t<div class=\"elementor-element elementor-element-5c5d960 elementor-widget elementor-widget-text-editor\" data-id=\"5c5d960\" data-element_type=\"widget\" data-e-type=\"widget\" data-widget_type=\"text-editor.default\">\n\t\t\t\t<div class=\"elementor-widget-container\">\n\t\t\t\t\t\t\t\t\t<ul class=\"list-1\"><li>La surveillance et le contr\u00f4le de la construction, de l\u2019exploitation et de l\u2019entretien des installations \u00e9lectriques<\/li><li>L'approbation des installations \u00e0 haute tension<\/li><li>Assurer par des contr\u00f4les al\u00e9atoires le respect des conditions de commercialisation des mat\u00e9riels \u00e9lectriques \u00e0 basse tension au sens de l'ordonnance sur les mat\u00e9riels \u00e9lectriques \u00e0 basse tension (OMBT)<\/li><li>L'octroi des autorisations g\u00e9n\u00e9rales et limit\u00e9es d\u2019installer conform\u00e9ment \u00e0 l\u2019ordonnance sur les installations \u00e0 basse tension (OIBT)<\/li><li>La d\u00e9livrance d\u2019autorisations de contr\u00f4ler conform\u00e9ment \u00e0 l\u2019ordonnance sur les installations \u00e0 basse tension (OIBT)<\/li><li>Effectuer les contr\u00f4les n\u00e9cessaires \u00e0 l\u2019octroi des autorisations d\u2019installer limit\u00e9es au sens de l\u2019ordonnance sur les installations \u00e0 basse tension (OIBT)<\/li><li>La mise en \u0153uvre des contr\u00f4les p\u00e9riodiques conform\u00e9ment l\u2019ordonnance sur les installations \u00e0 basse tension (OIBT)<\/li><li>La conduite d'enqu\u00eates et la publication de statistiques sur les accidents et dommages survenant dans le cadre g\u00e9n\u00e9ral des installations \u00e9lectriques<\/li><li>La reconnaissance de l\u2019\u00e9quivalence des qualifications professionnelles \u00e9trang\u00e8res dans le domaine de l\u2019\u00e9lectrotechnique<\/li><li>La conduite d\u2019enqu\u00eates pr\u00e9liminaires et des premi\u00e8res investigations sur les faits en cas d'\u00e9ventuelles infractions \u00e0 la loi sur les installations \u00e9lectriques (LIE)<\/li><li>La participation au processus l\u00e9gislatif en lien avec les installations \u00e9lectriques en tant que service sp\u00e9cialis\u00e9 de la Conf\u00e9d\u00e9ration<\/li><\/ul>\t\t\t\t\t\t\t\t<\/div>\n\t\t\t\t<\/div>\n\t\t\t\t<div class=\"elementor-element elementor-element-c196534 elementor-widget elementor-widget-text-editor\" data-id=\"c196534\" data-element_type=\"widget\" data-e-type=\"widget\" data-widget_type=\"text-editor.default\">\n\t\t\t\t<div class=\"elementor-widget-container\">\n\t\t\t\t\t\t\t\t\t<p><strong class=\"font-weight-700\">Tout savoir sur l\u2019ESTI<\/strong> <br \/><a class=\"text-decoration-underline\" href=\"http:\/\/esti.admin.ch\" target=\"_blank\" rel=\"noopener\">esti.admin.ch<img decoding=\"async\" class=\"shareimg\" src=\"img\/share.svg\" alt=\"\" \/><\/a><\/p>\t\t\t\t\t\t\t\t<\/div>\n\t\t\t\t<\/div>\n\t\t\t\t<\/div>\n\t\t\t\t<\/div>\n\t\t\t\t<\/div>\n\t\t<div class=\"elementor-element elementor-element-3cb8e77 e-con-full e-flex e-con e-parent\" data-id=\"3cb8e77\" data-element_type=\"container\" data-e-type=\"container\" data-settings=\"{&quot;background_background&quot;:&quot;classic&quot;}\">\n\t\t<div class=\"elementor-element elementor-element-bf523b3 e-con-full e-flex e-con e-child\" data-id=\"bf523b3\" data-element_type=\"container\" data-e-type=\"container\">\n\t\t\t\t<div class=\"elementor-element elementor-element-86d7ec0 elementor-widget elementor-widget-heading\" data-id=\"86d7ec0\" data-element_type=\"widget\" data-e-type=\"widget\" data-widget_type=\"heading.default\">\n\t\t\t\t<div class=\"elementor-widget-container\">\n\t\t\t\t\t<h2 class=\"elementor-heading-title elementor-size-default\">Vous voulez vous joindre \u00e0 nous pour faire avancer les choses\u00a0?<\/h2>\t\t\t\t<\/div>\n\t\t\t\t<\/div>\n\t\t\t\t<div class=\"elementor-element elementor-element-3e884a0 elementor-widget elementor-widget-text-editor\" data-id=\"3e884a0\" data-element_type=\"widget\" data-e-type=\"widget\" data-widget_type=\"text-editor.default\">\n\t\t\t\t<div class=\"elementor-widget-container\">\n\t\t\t\t\t\t\t\t\t<p>Nous nous r\u00e9jouissons de recevoir votre candidature.<\/p>\t\t\t\t\t\t\t\t<\/div>\n\t\t\t\t<\/div>\n\t\t\t\t<div class=\"elementor-element elementor-element-add00a2 elementor-widget elementor-widget-button\" data-id=\"add00a2\" data-element_type=\"widget\" data-e-type=\"widget\" data-widget_type=\"button.default\">\n\t\t\t\t<div class=\"elementor-widget-container\">\n\t\t\t\t\t\t\t\t\t<div class=\"elementor-button-wrapper\">\n\t\t\t\t\t<a class=\"elementor-button elementor-button-link elementor-size-sm\" href=\"https:\/\/jobs.esti.ch\/fr\/ihre-bewerbung\/\">\n\t\t\t\t\t\t<span class=\"elementor-button-content-wrapper\">\n\t\t\t\t\t\t\t\t\t<span class=\"elementor-button-text\">Pour envoyer votre postulation<\/span>\n\t\t\t\t\t<\/span>\n\t\t\t\t\t<\/a>\n\t\t\t\t<\/div>\n\t\t\t\t\t\t\t\t<\/div>\n\t\t\t\t<\/div>\n\t\t\t\t<\/div>\n\t\t<div class=\"elementor-element elementor-element-470cd1a e-con-full e-flex e-con e-child\" data-id=\"470cd1a\" data-element_type=\"container\" data-e-type=\"container\" data-settings=\"{&quot;background_background&quot;:&quot;classic&quot;}\">\n\t\t\t\t<\/div>\n\t\t\t\t<\/div>\n\t\t\t\t<\/div>","protected":false},"excerpt":{"rendered":"<p>Was wir machen Arbeiten beim ESTIGanz sch\u00f6n sinnstiftend Wir \u00fcberwachen alles rund um die Elektrizit\u00e4t.\u200b Wir sind die Aufsichts- und Kontrollbeh\u00f6rde f\u00fcr elektrische Anlagen, die nicht in den Zust\u00e4ndigkeitsbereich des Bundesamtes f\u00fcr Verkehr (BAV) fallen. Und wir sorgen daf\u00fcr, dass Hochspannungs-, Niederspannungs- und Schwachstromanlagen sicher gebaut und betrieben werden. Wir sorgen daf\u00fcr, dass Hochspannungs-, Niederspannungs- [&hellip;]<\/p>\n","protected":false},"author":1,"featured_media":1318,"parent":0,"menu_order":0,"comment_status":"closed","ping_status":"closed","template":"","meta":{"footnotes":""},"class_list":["post-230","page","type-page","status-publish","has-post-thumbnail","hentry"],"yoast_head":"<!-- This site is optimized with the Yoast SEO plugin v27.4 - https:\/\/yoast.com\/product\/yoast-seo-wordpress\/ -->\n<title>Was wir machen - Eidgen\u00f6ssisches Starkstrominspektorat - Offene Stellen<\/title>\n<meta name=\"description\" content=\"Erfahre, was das ESTI macht und wie wir die Sicherheit elektrischer Anlagen in der Schweiz gew\u00e4hrleisten. Entdecke offene Stellen beim ESTI.\" \/>\n<meta name=\"robots\" content=\"index, follow, max-snippet:-1, max-image-preview:large, max-video-preview:-1\" \/>\n<link rel=\"canonical\" href=\"https:\/\/jobs.esti.ch\/fr\/ce-que-nous-faisons\/\" \/>\n<meta property=\"og:locale\" content=\"fr_FR\" \/>\n<meta property=\"og:type\" content=\"article\" \/>\n<meta property=\"og:title\" content=\"Was wir machen - Eidgen\u00f6ssisches Starkstrominspektorat - Offene Stellen\" \/>\n<meta property=\"og:description\" content=\"Erfahre, was das ESTI macht und wie wir die Sicherheit elektrischer Anlagen in der Schweiz gew\u00e4hrleisten. Entdecke offene Stellen beim ESTI.\" \/>\n<meta property=\"og:url\" content=\"https:\/\/jobs.esti.ch\/fr\/ce-que-nous-faisons\/\" \/>\n<meta property=\"og:site_name\" content=\"Eidgen\u00f6ssisches Starkstrominspektorat\" \/>\n<meta property=\"article:modified_time\" content=\"2024-10-03T13:17:07+00:00\" \/>\n<meta property=\"og:image\" content=\"https:\/\/jobs.esti.ch\/wp-content\/uploads\/2024\/08\/esti-letzigrund-starkstrominspektoriat-offene-stellen--scaled.jpg\" \/>\n\t<meta property=\"og:image:width\" content=\"2560\" \/>\n\t<meta property=\"og:image:height\" content=\"1707\" \/>\n\t<meta property=\"og:image:type\" content=\"image\/jpeg\" \/>\n<meta name=\"twitter:card\" content=\"summary_large_image\" \/>\n<meta name=\"twitter:label1\" content=\"Dur\u00e9e de lecture estim\u00e9e\" \/>\n\t<meta name=\"twitter:data1\" content=\"3 minutes\" \/>\n<script type=\"application\/ld+json\" class=\"yoast-schema-graph\">{\"@context\":\"https:\\\/\\\/schema.org\",\"@graph\":[{\"@type\":\"WebPage\",\"@id\":\"https:\\\/\\\/jobs.esti.ch\\\/was-wir-machen\\\/\",\"url\":\"https:\\\/\\\/jobs.esti.ch\\\/was-wir-machen\\\/\",\"name\":\"Was wir machen - Eidgen\u00f6ssisches Starkstrominspektorat - Offene Stellen\",\"isPartOf\":{\"@id\":\"https:\\\/\\\/jobs.esti.ch\\\/#website\"},\"primaryImageOfPage\":{\"@id\":\"https:\\\/\\\/jobs.esti.ch\\\/was-wir-machen\\\/#primaryimage\"},\"image\":{\"@id\":\"https:\\\/\\\/jobs.esti.ch\\\/was-wir-machen\\\/#primaryimage\"},\"thumbnailUrl\":\"https:\\\/\\\/jobs.esti.ch\\\/wp-content\\\/uploads\\\/2024\\\/08\\\/esti-letzigrund-starkstrominspektoriat-offene-stellen--scaled.jpg\",\"datePublished\":\"2024-04-21T17:35:57+00:00\",\"dateModified\":\"2024-10-03T13:17:07+00:00\",\"description\":\"Erfahre, was das ESTI macht und wie wir die Sicherheit elektrischer Anlagen in der Schweiz gew\u00e4hrleisten. Entdecke offene Stellen beim ESTI.\",\"breadcrumb\":{\"@id\":\"https:\\\/\\\/jobs.esti.ch\\\/was-wir-machen\\\/#breadcrumb\"},\"inLanguage\":\"fr-FR\",\"potentialAction\":[{\"@type\":\"ReadAction\",\"target\":[\"https:\\\/\\\/jobs.esti.ch\\\/was-wir-machen\\\/\"]}]},{\"@type\":\"ImageObject\",\"inLanguage\":\"fr-FR\",\"@id\":\"https:\\\/\\\/jobs.esti.ch\\\/was-wir-machen\\\/#primaryimage\",\"url\":\"https:\\\/\\\/jobs.esti.ch\\\/wp-content\\\/uploads\\\/2024\\\/08\\\/esti-letzigrund-starkstrominspektoriat-offene-stellen--scaled.jpg\",\"contentUrl\":\"https:\\\/\\\/jobs.esti.ch\\\/wp-content\\\/uploads\\\/2024\\\/08\\\/esti-letzigrund-starkstrominspektoriat-offene-stellen--scaled.jpg\",\"width\":2560,\"height\":1707},{\"@type\":\"BreadcrumbList\",\"@id\":\"https:\\\/\\\/jobs.esti.ch\\\/was-wir-machen\\\/#breadcrumb\",\"itemListElement\":[{\"@type\":\"ListItem\",\"position\":1,\"name\":\"Startseite\",\"item\":\"https:\\\/\\\/jobs.esti.ch\\\/\"},{\"@type\":\"ListItem\",\"position\":2,\"name\":\"Was wir machen\"}]},{\"@type\":\"WebSite\",\"@id\":\"https:\\\/\\\/jobs.esti.ch\\\/#website\",\"url\":\"https:\\\/\\\/jobs.esti.ch\\\/\",\"name\":\"Eidgen\u00f6ssisches Starkstrominspektorat\",\"description\":\"\",\"publisher\":{\"@id\":\"https:\\\/\\\/jobs.esti.ch\\\/#organization\"},\"alternateName\":\"ESTI\",\"potentialAction\":[{\"@type\":\"SearchAction\",\"target\":{\"@type\":\"EntryPoint\",\"urlTemplate\":\"https:\\\/\\\/jobs.esti.ch\\\/?s={search_term_string}\"},\"query-input\":{\"@type\":\"PropertyValueSpecification\",\"valueRequired\":true,\"valueName\":\"search_term_string\"}}],\"inLanguage\":\"fr-FR\"},{\"@type\":\"Organization\",\"@id\":\"https:\\\/\\\/jobs.esti.ch\\\/#organization\",\"name\":\"Eidgen\u00f6ssisches Starkstrominspektorat\",\"url\":\"https:\\\/\\\/jobs.esti.ch\\\/\",\"logo\":{\"@type\":\"ImageObject\",\"inLanguage\":\"fr-FR\",\"@id\":\"https:\\\/\\\/jobs.esti.ch\\\/#\\\/schema\\\/logo\\\/image\\\/\",\"url\":\"https:\\\/\\\/jobs.esti.ch\\\/wp-content\\\/uploads\\\/2024\\\/04\\\/logo.png\",\"contentUrl\":\"https:\\\/\\\/jobs.esti.ch\\\/wp-content\\\/uploads\\\/2024\\\/04\\\/logo.png\",\"width\":337,\"height\":84,\"caption\":\"Eidgen\u00f6ssisches Starkstrominspektorat\"},\"image\":{\"@id\":\"https:\\\/\\\/jobs.esti.ch\\\/#\\\/schema\\\/logo\\\/image\\\/\"}}]}<\/script>\n<!-- \/ Yoast SEO plugin. -->","yoast_head_json":{"title":"Was wir machen - Eidgen\u00f6ssisches Starkstrominspektorat - Offene Stellen","description":"Erfahre, was das ESTI macht und wie wir die Sicherheit elektrischer Anlagen in der Schweiz gew\u00e4hrleisten. Entdecke offene Stellen beim ESTI.","robots":{"index":"index","follow":"follow","max-snippet":"max-snippet:-1","max-image-preview":"max-image-preview:large","max-video-preview":"max-video-preview:-1"},"canonical":"https:\/\/jobs.esti.ch\/fr\/ce-que-nous-faisons\/","og_locale":"fr_FR","og_type":"article","og_title":"Was wir machen - Eidgen\u00f6ssisches Starkstrominspektorat - Offene Stellen","og_description":"Erfahre, was das ESTI macht und wie wir die Sicherheit elektrischer Anlagen in der Schweiz gew\u00e4hrleisten. Entdecke offene Stellen beim ESTI.","og_url":"https:\/\/jobs.esti.ch\/fr\/ce-que-nous-faisons\/","og_site_name":"Eidgen\u00f6ssisches Starkstrominspektorat","article_modified_time":"2024-10-03T13:17:07+00:00","og_image":[{"width":2560,"height":1707,"url":"https:\/\/jobs.esti.ch\/wp-content\/uploads\/2024\/08\/esti-letzigrund-starkstrominspektoriat-offene-stellen--scaled.jpg","type":"image\/jpeg"}],"twitter_card":"summary_large_image","twitter_misc":{"Dur\u00e9e de lecture estim\u00e9e":"3 minutes"},"schema":{"@context":"https:\/\/schema.org","@graph":[{"@type":"WebPage","@id":"https:\/\/jobs.esti.ch\/was-wir-machen\/","url":"https:\/\/jobs.esti.ch\/was-wir-machen\/","name":"Was wir machen - Eidgen\u00f6ssisches Starkstrominspektorat - Offene Stellen","isPartOf":{"@id":"https:\/\/jobs.esti.ch\/#website"},"primaryImageOfPage":{"@id":"https:\/\/jobs.esti.ch\/was-wir-machen\/#primaryimage"},"image":{"@id":"https:\/\/jobs.esti.ch\/was-wir-machen\/#primaryimage"},"thumbnailUrl":"https:\/\/jobs.esti.ch\/wp-content\/uploads\/2024\/08\/esti-letzigrund-starkstrominspektoriat-offene-stellen--scaled.jpg","datePublished":"2024-04-21T17:35:57+00:00","dateModified":"2024-10-03T13:17:07+00:00","description":"Erfahre, was das ESTI macht und wie wir die Sicherheit elektrischer Anlagen in der Schweiz gew\u00e4hrleisten. Entdecke offene Stellen beim ESTI.","breadcrumb":{"@id":"https:\/\/jobs.esti.ch\/was-wir-machen\/#breadcrumb"},"inLanguage":"fr-FR","potentialAction":[{"@type":"ReadAction","target":["https:\/\/jobs.esti.ch\/was-wir-machen\/"]}]},{"@type":"ImageObject","inLanguage":"fr-FR","@id":"https:\/\/jobs.esti.ch\/was-wir-machen\/#primaryimage","url":"https:\/\/jobs.esti.ch\/wp-content\/uploads\/2024\/08\/esti-letzigrund-starkstrominspektoriat-offene-stellen--scaled.jpg","contentUrl":"https:\/\/jobs.esti.ch\/wp-content\/uploads\/2024\/08\/esti-letzigrund-starkstrominspektoriat-offene-stellen--scaled.jpg","width":2560,"height":1707},{"@type":"BreadcrumbList","@id":"https:\/\/jobs.esti.ch\/was-wir-machen\/#breadcrumb","itemListElement":[{"@type":"ListItem","position":1,"name":"Startseite","item":"https:\/\/jobs.esti.ch\/"},{"@type":"ListItem","position":2,"name":"Was wir machen"}]},{"@type":"WebSite","@id":"https:\/\/jobs.esti.ch\/#website","url":"https:\/\/jobs.esti.ch\/","name":"Inspection f\u00e9d\u00e9rale des installations \u00e0 courant fort","description":"","publisher":{"@id":"https:\/\/jobs.esti.ch\/#organization"},"alternateName":"ESTI","potentialAction":[{"@type":"SearchAction","target":{"@type":"EntryPoint","urlTemplate":"https:\/\/jobs.esti.ch\/?s={search_term_string}"},"query-input":{"@type":"PropertyValueSpecification","valueRequired":true,"valueName":"search_term_string"}}],"inLanguage":"fr-FR"},{"@type":"Organization","@id":"https:\/\/jobs.esti.ch\/#organization","name":"Inspection f\u00e9d\u00e9rale des installations \u00e0 courant fort","url":"https:\/\/jobs.esti.ch\/","logo":{"@type":"ImageObject","inLanguage":"fr-FR","@id":"https:\/\/jobs.esti.ch\/#\/schema\/logo\/image\/","url":"https:\/\/jobs.esti.ch\/wp-content\/uploads\/2024\/04\/logo.png","contentUrl":"https:\/\/jobs.esti.ch\/wp-content\/uploads\/2024\/04\/logo.png","width":337,"height":84,"caption":"Eidgen\u00f6ssisches Starkstrominspektorat"},"image":{"@id":"https:\/\/jobs.esti.ch\/#\/schema\/logo\/image\/"}}]}},"_links":{"self":[{"href":"https:\/\/jobs.esti.ch\/fr\/wp-json\/wp\/v2\/pages\/230","targetHints":{"allow":["GET"]}}],"collection":[{"href":"https:\/\/jobs.esti.ch\/fr\/wp-json\/wp\/v2\/pages"}],"about":[{"href":"https:\/\/jobs.esti.ch\/fr\/wp-json\/wp\/v2\/types\/page"}],"author":[{"embeddable":true,"href":"https:\/\/jobs.esti.ch\/fr\/wp-json\/wp\/v2\/users\/1"}],"replies":[{"embeddable":true,"href":"https:\/\/jobs.esti.ch\/fr\/wp-json\/wp\/v2\/comments?post=230"}],"version-history":[{"count":5,"href":"https:\/\/jobs.esti.ch\/fr\/wp-json\/wp\/v2\/pages\/230\/revisions"}],"predecessor-version":[{"id":1506,"href":"https:\/\/jobs.esti.ch\/fr\/wp-json\/wp\/v2\/pages\/230\/revisions\/1506"}],"wp:featuredmedia":[{"embeddable":true,"href":"https:\/\/jobs.esti.ch\/fr\/wp-json\/wp\/v2\/media\/1318"}],"wp:attachment":[{"href":"https:\/\/jobs.esti.ch\/fr\/wp-json\/wp\/v2\/media?parent=230"}],"curies":[{"name":"wp","href":"https:\/\/api.w.org\/{rel}","templated":true}]}}